{"id":661,"date":"2024-03-04T19:13:27","date_gmt":"2024-03-04T18:13:27","guid":{"rendered":"https:\/\/www.modeimhanssonzentrum.at\/?page_id=661"},"modified":"2026-02-20T22:28:47","modified_gmt":"2026-02-20T21:28:47","slug":"ueber-uns","status":"publish","type":"page","link":"https:\/\/www.modeimhanssonzentrum.at\/?page_id=661","title":{"rendered":"\u00dcber uns"},"content":{"rendered":"\n<div class=\"wp-block-media-text is-stacked-on-mobile\"><figure class=\"wp-block-media-text__media\"><img loading=\"lazy\" decoding=\"async\" width=\"1024\" height=\"724\" src=\"http:\/\/www.modeimhanssonzentrum.at\/wp-content\/uploads\/2024\/03\/Logo2016-600mit-Text01-1-Kopie-1024x724.jpg\" alt=\"\" class=\"wp-image-99 size-full\" srcset=\"https:\/\/www.modeimhanssonzentrum.at\/wp-content\/uploads\/2024\/03\/Logo2016-600mit-Text01-1-Kopie-1024x724.jpg 1024w, https:\/\/www.modeimhanssonzentrum.at\/wp-content\/uploads\/2024\/03\/Logo2016-600mit-Text01-1-Kopie-300x212.jpg 300w, https:\/\/www.modeimhanssonzentrum.at\/wp-content\/uploads\/2024\/03\/Logo2016-600mit-Text01-1-Kopie-768x543.jpg 768w, https:\/\/www.modeimhanssonzentrum.at\/wp-content\/uploads\/2024\/03\/Logo2016-600mit-Text01-1-Kopie-1536x1086.jpg 1536w, https:\/\/www.modeimhanssonzentrum.at\/wp-content\/uploads\/2024\/03\/Logo2016-600mit-Text01-1-Kopie-2048x1448.jpg 2048w\" sizes=\"auto, (max-width: 1024px) 100vw, 1024px\" \/><\/figure><div class=\"wp-block-media-text__content\">\n<p><strong>Wir sind eine Damenmoden-Boutique im Hanssonzentrum<\/strong> <\/p>\n\n\n\n<p>und f\u00fchren unsere Kollektion von Gr\u00f6\u00dfe 36 bis 52! Neben Konfektion namhafter \u00f6sterreichischer, deutscher und italienischer Partner, bieten wir auch die passenden saisonalen Accessoires wie Schuhe, Schals, Modeschmuck, H\u00fcte, M\u00fctzen und Handschuhe. Ganz nach dem Motto &#8222;von Kopf bis Fu\u00df aus einer Hand&#8220;. Wir zeichnen uns durch Freude an unserer Mode, individuelle Beratung und kompetente Erledigung der notwendigen \u00c4nderungen, im Hause, aus.<\/p>\n\n\n\n<p class=\"has-text-align-center\"><strong>Mode f\u00fcr jeden Tag und jeden besonderen Tag!<\/strong><\/p>\n\n\n\n<p>Au\u00dferdem bekommen Sie bei uns auch Schneiderzubeh\u00f6r, Wolle und Schulhandarbeitsartikel.<\/p>\n<\/div><\/div>\n\n\n\n<figure class=\"wp-block-gallery has-nested-images columns-default is-cropped wp-block-gallery-1 is-layout-flex wp-block-gallery-is-layout-flex\">\n<figure class=\"wp-block-image size-large\"><img loading=\"lazy\" decoding=\"async\" width=\"722\" height=\"1024\" data-id=\"3007\" src=\"http:\/\/www.modeimhanssonzentrum.at\/wp-content\/uploads\/2026\/02\/Frank-Walder_spring_summer_2026_original_SALTED-TANGERINE_Outfit03_133-722x1024.jpg\" alt=\"\" class=\"wp-image-3007\" srcset=\"https:\/\/www.modeimhanssonzentrum.at\/wp-content\/uploads\/2026\/02\/Frank-Walder_spring_summer_2026_original_SALTED-TANGERINE_Outfit03_133-722x1024.jpg 722w, https:\/\/www.modeimhanssonzentrum.at\/wp-content\/uploads\/2026\/02\/Frank-Walder_spring_summer_2026_original_SALTED-TANGERINE_Outfit03_133-211x300.jpg 211w, https:\/\/www.modeimhanssonzentrum.at\/wp-content\/uploads\/2026\/02\/Frank-Walder_spring_summer_2026_original_SALTED-TANGERINE_Outfit03_133-768x1090.jpg 768w, https:\/\/www.modeimhanssonzentrum.at\/wp-content\/uploads\/2026\/02\/Frank-Walder_spring_summer_2026_original_SALTED-TANGERINE_Outfit03_133-1082x1536.jpg 1082w, https:\/\/www.modeimhanssonzentrum.at\/wp-content\/uploads\/2026\/02\/Frank-Walder_spring_summer_2026_original_SALTED-TANGERINE_Outfit03_133-1443x2048.jpg 1443w, https:\/\/www.modeimhanssonzentrum.at\/wp-content\/uploads\/2026\/02\/Frank-Walder_spring_summer_2026_original_SALTED-TANGERINE_Outfit03_133-scaled.jpg 1804w\" sizes=\"auto, (max-width: 722px) 100vw, 722px\" \/><\/figure>\n\n\n\n<figure class=\"wp-block-image size-large\"><img loading=\"lazy\" decoding=\"async\" width=\"819\" height=\"1024\" data-id=\"3119\" src=\"http:\/\/www.modeimhanssonzentrum.at\/wp-content\/uploads\/2026\/02\/TONI_spring_summer_2026_original_2025-213-F_B17_12-48_1125-56_54_016-819x1024.jpg\" alt=\"\" class=\"wp-image-3119\" srcset=\"https:\/\/www.modeimhanssonzentrum.at\/wp-content\/uploads\/2026\/02\/TONI_spring_summer_2026_original_2025-213-F_B17_12-48_1125-56_54_016-819x1024.jpg 819w, https:\/\/www.modeimhanssonzentrum.at\/wp-content\/uploads\/2026\/02\/TONI_spring_summer_2026_original_2025-213-F_B17_12-48_1125-56_54_016-240x300.jpg 240w, https:\/\/www.modeimhanssonzentrum.at\/wp-content\/uploads\/2026\/02\/TONI_spring_summer_2026_original_2025-213-F_B17_12-48_1125-56_54_016-768x960.jpg 768w, https:\/\/www.modeimhanssonzentrum.at\/wp-content\/uploads\/2026\/02\/TONI_spring_summer_2026_original_2025-213-F_B17_12-48_1125-56_54_016.jpg 1080w\" sizes=\"auto, (max-width: 819px) 100vw, 819px\" \/><\/figure>\n\n\n\n<figure class=\"wp-block-image size-large\"><img loading=\"lazy\" decoding=\"async\" width=\"690\" height=\"1024\" data-id=\"3016\" src=\"http:\/\/www.modeimhanssonzentrum.at\/wp-content\/uploads\/2026\/02\/Angoor003-690x1024.jpeg\" alt=\"\" class=\"wp-image-3016\" srcset=\"https:\/\/www.modeimhanssonzentrum.at\/wp-content\/uploads\/2026\/02\/Angoor003-690x1024.jpeg 690w, https:\/\/www.modeimhanssonzentrum.at\/wp-content\/uploads\/2026\/02\/Angoor003-202x300.jpeg 202w, https:\/\/www.modeimhanssonzentrum.at\/wp-content\/uploads\/2026\/02\/Angoor003-768x1140.jpeg 768w, https:\/\/www.modeimhanssonzentrum.at\/wp-content\/uploads\/2026\/02\/Angoor003.jpeg 996w\" sizes=\"auto, (max-width: 690px) 100vw, 690px\" \/><\/figure>\n<\/figure>\n\n\n\n<p><strong>Unser Team<\/strong><\/p>\n\n\n\n<p>Gemeinsam f\u00fcr Sie!<\/p>\n\n\n\n<div class=\"wp-block-columns is-layout-flex wp-container-core-columns-is-layout-28f84493 wp-block-columns-is-layout-flex\">\n<div class=\"wp-block-column is-layout-flow wp-block-column-is-layout-flow\" style=\"flex-basis:33.33%\">\n<figure class=\"wp-block-image size-full\"><img loading=\"lazy\" decoding=\"async\" width=\"1014\" height=\"1324\" src=\"http:\/\/www.modeimhanssonzentrum.at\/wp-content\/uploads\/2025\/03\/IMG_4828.jpeg\" alt=\"\" class=\"wp-image-2128\" srcset=\"https:\/\/www.modeimhanssonzentrum.at\/wp-content\/uploads\/2025\/03\/IMG_4828.jpeg 1014w, https:\/\/www.modeimhanssonzentrum.at\/wp-content\/uploads\/2025\/03\/IMG_4828-230x300.jpeg 230w, https:\/\/www.modeimhanssonzentrum.at\/wp-content\/uploads\/2025\/03\/IMG_4828-784x1024.jpeg 784w, https:\/\/www.modeimhanssonzentrum.at\/wp-content\/uploads\/2025\/03\/IMG_4828-768x1003.jpeg 768w\" sizes=\"auto, (max-width: 1014px) 100vw, 1014px\" \/><\/figure>\n<\/div>\n\n\n\n<div class=\"wp-block-column is-layout-flow wp-block-column-is-layout-flow\" style=\"flex-basis:66.66%\">\n<p><strong>Monika Binder<\/strong><\/p>\n\n\n\n<p>seit 1997 Inhaberin von &#8222;Mode im Hanssonzentrum&#8220;<\/p>\n\n\n\n<p>verheiratet, 1 Tochter<\/p>\n\n\n\n<p>Absolventin der Mode-Fachschule in der L\u00e4ngenfeldgasse<\/p>\n\n\n\n<p>langj\u00e4hrige Kaufm\u00e4nnische Angestellte<\/p>\n<\/div>\n<\/div>\n\n\n\n<div class=\"wp-block-columns is-layout-flex wp-container-core-columns-is-layout-28f84493 wp-block-columns-is-layout-flex\">\n<div class=\"wp-block-column is-layout-flow wp-block-column-is-layout-flow\" style=\"flex-basis:33.33%\">\n<figure class=\"wp-block-image size-large\"><img loading=\"lazy\" decoding=\"async\" width=\"858\" height=\"1024\" src=\"http:\/\/www.modeimhanssonzentrum.at\/wp-content\/uploads\/2024\/03\/Claudia-01-2023-858x1024.jpg\" alt=\"Claudia\" class=\"wp-image-172\" srcset=\"https:\/\/www.modeimhanssonzentrum.at\/wp-content\/uploads\/2024\/03\/Claudia-01-2023-858x1024.jpg 858w, https:\/\/www.modeimhanssonzentrum.at\/wp-content\/uploads\/2024\/03\/Claudia-01-2023-251x300.jpg 251w, https:\/\/www.modeimhanssonzentrum.at\/wp-content\/uploads\/2024\/03\/Claudia-01-2023-768x917.jpg 768w, https:\/\/www.modeimhanssonzentrum.at\/wp-content\/uploads\/2024\/03\/Claudia-01-2023-1287x1536.jpg 1287w, https:\/\/www.modeimhanssonzentrum.at\/wp-content\/uploads\/2024\/03\/Claudia-01-2023-1716x2048.jpg 1716w\" sizes=\"auto, (max-width: 858px) 100vw, 858px\" \/><\/figure>\n<\/div>\n\n\n\n<div class=\"wp-block-column is-layout-flow wp-block-column-is-layout-flow\" style=\"flex-basis:66.66%\">\n<p><strong>Frau Claudia<\/strong><\/p>\n\n\n\n<p>seit 2016 bei &#8222;Mode im Hanssonzentrum&#8220;<\/p>\n\n\n\n<p>Absolventin der Mode-Fachschule Oberwart<\/p>\n\n\n\n<p>Aufgabengebiete: \u00c4nderungen, Kundenbetreuung<\/p>\n<\/div>\n<\/div>\n\n\n\n<div class=\"wp-block-columns is-layout-flex wp-container-core-columns-is-layout-28f84493 wp-block-columns-is-layout-flex\">\n<div class=\"wp-block-column is-layout-flow wp-block-column-is-layout-flow\" style=\"flex-basis:33.33%\">\n<figure class=\"wp-block-image size-large\"><img loading=\"lazy\" decoding=\"async\" width=\"929\" height=\"1024\" src=\"http:\/\/www.modeimhanssonzentrum.at\/wp-content\/uploads\/2024\/08\/29-Annabelle_Stadtpfoten_Final_\u00a9MagdalenaDeutsch_2024_32-929x1024.jpeg\" alt=\"\" class=\"wp-image-1280\" srcset=\"https:\/\/www.modeimhanssonzentrum.at\/wp-content\/uploads\/2024\/08\/29-Annabelle_Stadtpfoten_Final_\u00a9MagdalenaDeutsch_2024_32-929x1024.jpeg 929w, https:\/\/www.modeimhanssonzentrum.at\/wp-content\/uploads\/2024\/08\/29-Annabelle_Stadtpfoten_Final_\u00a9MagdalenaDeutsch_2024_32-272x300.jpeg 272w, https:\/\/www.modeimhanssonzentrum.at\/wp-content\/uploads\/2024\/08\/29-Annabelle_Stadtpfoten_Final_\u00a9MagdalenaDeutsch_2024_32-768x847.jpeg 768w, https:\/\/www.modeimhanssonzentrum.at\/wp-content\/uploads\/2024\/08\/29-Annabelle_Stadtpfoten_Final_\u00a9MagdalenaDeutsch_2024_32-1394x1536.jpeg 1394w, https:\/\/www.modeimhanssonzentrum.at\/wp-content\/uploads\/2024\/08\/29-Annabelle_Stadtpfoten_Final_\u00a9MagdalenaDeutsch_2024_32-1858x2048.jpeg 1858w\" sizes=\"auto, (max-width: 929px) 100vw, 929px\" \/><\/figure>\n<\/div>\n\n\n\n<div class=\"wp-block-column is-layout-flow wp-block-column-is-layout-flow\" style=\"flex-basis:66.66%\">\n<p><strong>Elisabeth Binder<\/strong><\/p>\n\n\n\n<p>seit 2014 bei &#8222;Mode im Hanssonzentrum&#8220; verheiratet, 1 Hund &#8222;Annabelle&#8220; <\/p>\n\n\n\n<p>Absolventin der HBLA f\u00fcr Mode und Bekleidungstechnik in Michelbeuern<\/p>\n\n\n\n<p>langj\u00e4hrige T\u00e4tigkeit in der Betreuung von Firmenkunden bei verschiedenen Banken <\/p>\n\n\n\n<p>Aufgabengebiete: Einkauf, Kundenbetreuung, Auslagengestaltung, Webdesign, Werbema\u00dfnahmen,&#8230;<\/p>\n<\/div>\n<\/div>\n\n\n\n<div class=\"wp-block-columns is-layout-flex wp-container-core-columns-is-layout-28f84493 wp-block-columns-is-layout-flex\">\n<div class=\"wp-block-column is-layout-flow wp-block-column-is-layout-flow\" style=\"flex-basis:33.33%\">\n<figure class=\"wp-block-image size-full is-resized\"><img decoding=\"async\" src=\"http:\/\/www.modeimhanssonzentrum.at\/wp-content\/uploads\/2025\/08\/20250829_103619962_iOS.heic\" alt=\"\" class=\"wp-image-2447\" style=\"aspect-ratio:0.7507005234919738;width:296px;height:auto\"\/><\/figure>\n<\/div>\n\n\n\n<div class=\"wp-block-column is-layout-flow wp-block-column-is-layout-flow\" style=\"flex-basis:66.66%\">\n<p><strong>Annabelle Binder-Fleischmann<\/strong><\/p>\n\n\n\n<p>Gesch\u00e4ftshund in Ausbildung &#8211; fortgeschritten<\/p>\n<\/div>\n<\/div>\n\n\n\n<div class=\"wp-block-columns is-layout-flex wp-container-core-columns-is-layout-28f84493 wp-block-columns-is-layout-flex\">\n<div class=\"wp-block-column is-layout-flow wp-block-column-is-layout-flow\" style=\"flex-basis:33.33%\">\n<figure class=\"wp-block-image size-full\"><img loading=\"lazy\" decoding=\"async\" width=\"300\" height=\"334\" src=\"http:\/\/www.modeimhanssonzentrum.at\/wp-content\/uploads\/2024\/03\/Paulina-12-2021-neu.jpg\" alt=\"Paulina\" class=\"wp-image-176\" srcset=\"https:\/\/www.modeimhanssonzentrum.at\/wp-content\/uploads\/2024\/03\/Paulina-12-2021-neu.jpg 300w, https:\/\/www.modeimhanssonzentrum.at\/wp-content\/uploads\/2024\/03\/Paulina-12-2021-neu-269x300.jpg 269w\" sizes=\"auto, (max-width: 300px) 100vw, 300px\" \/><\/figure>\n<\/div>\n\n\n\n<div class=\"wp-block-column is-layout-flow wp-block-column-is-layout-flow\" style=\"flex-basis:66.66%\">\n<p><strong>Paulina Binder-Fleischmann<\/strong><\/p>\n\n\n\n<p>2006 &#8211; 2021<\/p>\n<\/div>\n<\/div>\n\n\n\n<p><\/p>\n","protected":false},"excerpt":{"rendered":"<p>Wir sind eine Damenmoden-Boutique im Hanssonzentrum und f\u00fchren unsere Kollektion von Gr\u00f6\u00dfe 36 bis 52! Neben Konfektion namhafter \u00f6sterreichischer, deutscher und italienischer Partner, bieten wir auch die passenden saisonalen Accessoires wie Schuhe, Schals, Modeschmuck, H\u00fcte, M\u00fctzen und Handschuhe. Ganz nach dem Motto &#8222;von Kopf bis Fu\u00df aus einer Hand&#8220;. Wir zeichnen uns durch Freude an [&hellip;]<\/p>\n","protected":false},"author":1,"featured_media":0,"parent":0,"menu_order":0,"comment_status":"closed","ping_status":"closed","template":"","meta":{"footnotes":""},"class_list":["post-661","page","type-page","status-publish","hentry"],"_links":{"self":[{"href":"https:\/\/www.modeimhanssonzentrum.at\/index.php?rest_route=\/wp\/v2\/pages\/661","targetHints":{"allow":["GET"]}}],"collection":[{"href":"https:\/\/www.modeimhanssonzentrum.at\/index.php?rest_route=\/wp\/v2\/pages"}],"about":[{"href":"https:\/\/www.modeimhanssonzentrum.at\/index.php?rest_route=\/wp\/v2\/types\/page"}],"author":[{"embeddable":true,"href":"https:\/\/www.modeimhanssonzentrum.at\/index.php?rest_route=\/wp\/v2\/users\/1"}],"replies":[{"embeddable":true,"href":"https:\/\/www.modeimhanssonzentrum.at\/index.php?rest_route=%2Fwp%2Fv2%2Fcomments&post=661"}],"version-history":[{"count":17,"href":"https:\/\/www.modeimhanssonzentrum.at\/index.php?rest_route=\/wp\/v2\/pages\/661\/revisions"}],"predecessor-version":[{"id":3140,"href":"https:\/\/www.modeimhanssonzentrum.at\/index.php?rest_route=\/wp\/v2\/pages\/661\/revisions\/3140"}],"wp:attachment":[{"href":"https:\/\/www.modeimhanssonzentrum.at\/index.php?rest_route=%2Fwp%2Fv2%2Fmedia&parent=661"}],"curies":[{"name":"wp","href":"https:\/\/api.w.org\/{rel}","templated":true}]}}