{"id":672,"date":"2024-03-04T21:21:22","date_gmt":"2024-03-04T20:21:22","guid":{"rendered":"https:\/\/www.modeimhanssonzentrum.at\/?page_id=672"},"modified":"2026-02-27T17:01:08","modified_gmt":"2026-02-27T16:01:08","slug":"accessoires","status":"publish","type":"page","link":"https:\/\/www.modeimhanssonzentrum.at\/?page_id=672","title":{"rendered":"Accessoires"},"content":{"rendered":"\n<p><\/p>\n\n\n\n<p><strong>Accessoires <\/strong>&#8211; ein Outfit lebt mit den passenden Accessoires auf und l\u00e4sst sich wunderbar und schnell abwandeln&#8230; Bei uns finden Sie saisonabh\u00e4ngig T\u00fccher, Schals, Ketten, Broschen, M\u00fctzen, H\u00fcte, Fascinators, Handschuhe und nat\u00fcrlich Handtaschen!<\/p>\n\n\n\n<figure class=\"wp-block-gallery has-nested-images columns-default is-cropped wp-block-gallery-1 is-layout-flex wp-block-gallery-is-layout-flex\">\n<figure class=\"wp-block-image size-large\"><img loading=\"lazy\" decoding=\"async\" width=\"1024\" height=\"681\" data-id=\"2950\" src=\"https:\/\/www.modeimhanssonzentrum.at\/wp-content\/uploads\/2026\/02\/Seeberger002-1024x681.jpeg\" alt=\"\" class=\"wp-image-2950\" srcset=\"https:\/\/www.modeimhanssonzentrum.at\/wp-content\/uploads\/2026\/02\/Seeberger002-1024x681.jpeg 1024w, https:\/\/www.modeimhanssonzentrum.at\/wp-content\/uploads\/2026\/02\/Seeberger002-300x200.jpeg 300w, https:\/\/www.modeimhanssonzentrum.at\/wp-content\/uploads\/2026\/02\/Seeberger002-768x511.jpeg 768w, https:\/\/www.modeimhanssonzentrum.at\/wp-content\/uploads\/2026\/02\/Seeberger002.jpeg 1200w\" sizes=\"auto, (max-width: 1024px) 100vw, 1024px\" \/><\/figure>\n\n\n\n<figure class=\"wp-block-image size-large\"><img loading=\"lazy\" decoding=\"async\" width=\"1024\" height=\"681\" data-id=\"2951\" src=\"https:\/\/www.modeimhanssonzentrum.at\/wp-content\/uploads\/2026\/02\/Seeberger003-1024x681.jpeg\" alt=\"\" class=\"wp-image-2951\" srcset=\"https:\/\/www.modeimhanssonzentrum.at\/wp-content\/uploads\/2026\/02\/Seeberger003-1024x681.jpeg 1024w, https:\/\/www.modeimhanssonzentrum.at\/wp-content\/uploads\/2026\/02\/Seeberger003-300x200.jpeg 300w, https:\/\/www.modeimhanssonzentrum.at\/wp-content\/uploads\/2026\/02\/Seeberger003-768x511.jpeg 768w, https:\/\/www.modeimhanssonzentrum.at\/wp-content\/uploads\/2026\/02\/Seeberger003.jpeg 1200w\" sizes=\"auto, (max-width: 1024px) 100vw, 1024px\" \/><\/figure>\n\n\n\n<figure class=\"wp-block-image size-large\"><img loading=\"lazy\" decoding=\"async\" width=\"1024\" height=\"681\" data-id=\"2948\" src=\"https:\/\/www.modeimhanssonzentrum.at\/wp-content\/uploads\/2026\/02\/Seeberger009-1024x681.jpeg\" alt=\"\" class=\"wp-image-2948\" srcset=\"https:\/\/www.modeimhanssonzentrum.at\/wp-content\/uploads\/2026\/02\/Seeberger009-1024x681.jpeg 1024w, https:\/\/www.modeimhanssonzentrum.at\/wp-content\/uploads\/2026\/02\/Seeberger009-300x200.jpeg 300w, https:\/\/www.modeimhanssonzentrum.at\/wp-content\/uploads\/2026\/02\/Seeberger009-768x511.jpeg 768w, https:\/\/www.modeimhanssonzentrum.at\/wp-content\/uploads\/2026\/02\/Seeberger009.jpeg 1200w\" sizes=\"auto, (max-width: 1024px) 100vw, 1024px\" \/><\/figure>\n\n\n\n<figure class=\"wp-block-image size-large\"><img loading=\"lazy\" decoding=\"async\" width=\"1024\" height=\"681\" data-id=\"2954\" src=\"https:\/\/www.modeimhanssonzentrum.at\/wp-content\/uploads\/2026\/02\/Seeberger011-1024x681.jpeg\" alt=\"\" class=\"wp-image-2954\" srcset=\"https:\/\/www.modeimhanssonzentrum.at\/wp-content\/uploads\/2026\/02\/Seeberger011-1024x681.jpeg 1024w, https:\/\/www.modeimhanssonzentrum.at\/wp-content\/uploads\/2026\/02\/Seeberger011-300x200.jpeg 300w, https:\/\/www.modeimhanssonzentrum.at\/wp-content\/uploads\/2026\/02\/Seeberger011-768x511.jpeg 768w, https:\/\/www.modeimhanssonzentrum.at\/wp-content\/uploads\/2026\/02\/Seeberger011.jpeg 1200w\" sizes=\"auto, (max-width: 1024px) 100vw, 1024px\" \/><\/figure>\n\n\n\n<figure class=\"wp-block-image size-large\"><img loading=\"lazy\" decoding=\"async\" width=\"1024\" height=\"681\" data-id=\"2952\" src=\"https:\/\/www.modeimhanssonzentrum.at\/wp-content\/uploads\/2026\/02\/Seeberger006-1024x681.jpeg\" alt=\"\" class=\"wp-image-2952\" srcset=\"https:\/\/www.modeimhanssonzentrum.at\/wp-content\/uploads\/2026\/02\/Seeberger006-1024x681.jpeg 1024w, https:\/\/www.modeimhanssonzentrum.at\/wp-content\/uploads\/2026\/02\/Seeberger006-300x200.jpeg 300w, https:\/\/www.modeimhanssonzentrum.at\/wp-content\/uploads\/2026\/02\/Seeberger006-768x511.jpeg 768w, https:\/\/www.modeimhanssonzentrum.at\/wp-content\/uploads\/2026\/02\/Seeberger006.jpeg 1200w\" sizes=\"auto, (max-width: 1024px) 100vw, 1024px\" \/><\/figure>\n\n\n\n<figure class=\"wp-block-image size-large\"><img loading=\"lazy\" decoding=\"async\" width=\"1024\" height=\"681\" data-id=\"2953\" src=\"https:\/\/www.modeimhanssonzentrum.at\/wp-content\/uploads\/2026\/02\/seeberger005-1024x681.jpeg\" alt=\"\" class=\"wp-image-2953\" srcset=\"https:\/\/www.modeimhanssonzentrum.at\/wp-content\/uploads\/2026\/02\/seeberger005-1024x681.jpeg 1024w, https:\/\/www.modeimhanssonzentrum.at\/wp-content\/uploads\/2026\/02\/seeberger005-300x200.jpeg 300w, https:\/\/www.modeimhanssonzentrum.at\/wp-content\/uploads\/2026\/02\/seeberger005-768x511.jpeg 768w, https:\/\/www.modeimhanssonzentrum.at\/wp-content\/uploads\/2026\/02\/seeberger005.jpeg 1200w\" sizes=\"auto, (max-width: 1024px) 100vw, 1024px\" \/><\/figure>\n\n\n\n<figure class=\"wp-block-image size-large\"><img loading=\"lazy\" decoding=\"async\" width=\"1024\" height=\"681\" data-id=\"2949\" src=\"https:\/\/www.modeimhanssonzentrum.at\/wp-content\/uploads\/2026\/02\/Seeberger010-1024x681.jpeg\" alt=\"\" class=\"wp-image-2949\" srcset=\"https:\/\/www.modeimhanssonzentrum.at\/wp-content\/uploads\/2026\/02\/Seeberger010-1024x681.jpeg 1024w, https:\/\/www.modeimhanssonzentrum.at\/wp-content\/uploads\/2026\/02\/Seeberger010-300x200.jpeg 300w, https:\/\/www.modeimhanssonzentrum.at\/wp-content\/uploads\/2026\/02\/Seeberger010-768x511.jpeg 768w, https:\/\/www.modeimhanssonzentrum.at\/wp-content\/uploads\/2026\/02\/Seeberger010.jpeg 1200w\" sizes=\"auto, (max-width: 1024px) 100vw, 1024px\" \/><\/figure>\n<\/figure>\n\n\n\n<figure class=\"wp-block-gallery has-nested-images columns-default is-cropped wp-block-gallery-2 is-layout-flex wp-block-gallery-is-layout-flex\">\n<figure class=\"wp-block-image size-large\"><img decoding=\"async\" data-id=\"3197\" src=\"https:\/\/www.modeimhanssonzentrum.at\/wp-content\/uploads\/2026\/02\/C26F7299-C97F-4494-9C37-0F7D4AD97E25_1_201_a.heic\" alt=\"\" class=\"wp-image-3197\"\/><\/figure>\n\n\n\n<figure class=\"wp-block-image size-large\"><img decoding=\"async\" data-id=\"3189\" src=\"https:\/\/www.modeimhanssonzentrum.at\/wp-content\/uploads\/2026\/02\/E844D9D3-4C07-4CC0-9786-DA92745F2106_1_201_a.heic\" alt=\"\" class=\"wp-image-3189\"\/><\/figure>\n\n\n\n<figure class=\"wp-block-image size-large\"><img decoding=\"async\" data-id=\"3194\" src=\"https:\/\/www.modeimhanssonzentrum.at\/wp-content\/uploads\/2026\/02\/C8640371-489D-468B-A169-650184EE514D_1_201_a.heic\" alt=\"\" class=\"wp-image-3194\"\/><\/figure>\n\n\n\n<figure class=\"wp-block-image size-large\"><img decoding=\"async\" data-id=\"3192\" src=\"https:\/\/www.modeimhanssonzentrum.at\/wp-content\/uploads\/2026\/02\/82A81F49-7656-44B8-86D0-5ED8A079533C_1_201_a.heic\" alt=\"\" class=\"wp-image-3192\"\/><\/figure>\n\n\n\n<figure class=\"wp-block-image size-large\"><img decoding=\"async\" data-id=\"3191\" src=\"https:\/\/www.modeimhanssonzentrum.at\/wp-content\/uploads\/2026\/02\/748BB7EA-F3F7-47D9-BDCB-7DC2BD429F0D_1_201_a.heic\" alt=\"\" class=\"wp-image-3191\"\/><\/figure>\n\n\n\n<figure class=\"wp-block-image size-large\"><img decoding=\"async\" data-id=\"3187\" src=\"https:\/\/www.modeimhanssonzentrum.at\/wp-content\/uploads\/2026\/02\/52BF091E-79BD-4225-9ADF-DA174EFA51D8_1_201_a.heic\" alt=\"\" class=\"wp-image-3187\"\/><\/figure>\n\n\n\n<figure class=\"wp-block-image size-large\"><img decoding=\"async\" data-id=\"3184\" src=\"https:\/\/www.modeimhanssonzentrum.at\/wp-content\/uploads\/2026\/02\/8F35A4B6-292C-4716-BE19-448167054C74_1_201_a.heic\" alt=\"\" class=\"wp-image-3184\"\/><\/figure>\n\n\n\n<figure class=\"wp-block-image size-large\"><img decoding=\"async\" data-id=\"3183\" src=\"https:\/\/www.modeimhanssonzentrum.at\/wp-content\/uploads\/2026\/02\/C7371A25-EB36-4BDA-8BB4-DBADC8C40954_1_201_a.heic\" alt=\"\" class=\"wp-image-3183\"\/><\/figure>\n\n\n\n<figure class=\"wp-block-image size-large\"><img decoding=\"async\" data-id=\"3144\" src=\"https:\/\/www.modeimhanssonzentrum.at\/wp-content\/uploads\/2026\/02\/7B13FF96-5A8E-4A92-9F3A-EA4737495D1E_1_201_a.heic\" alt=\"\" class=\"wp-image-3144\"\/><\/figure>\n<\/figure>\n","protected":false},"excerpt":{"rendered":"<p>Accessoires &#8211; ein Outfit lebt mit den passenden Accessoires auf und l\u00e4sst sich wunderbar und schnell abwandeln&#8230; Bei uns finden Sie saisonabh\u00e4ngig T\u00fccher, Schals, Ketten, Broschen, M\u00fctzen, H\u00fcte, Fascinators, Handschuhe und nat\u00fcrlich Handtaschen!<\/p>\n","protected":false},"author":1,"featured_media":0,"parent":675,"menu_order":0,"comment_status":"closed","ping_status":"closed","template":"","meta":{"footnotes":""},"class_list":["post-672","page","type-page","status-publish","hentry"],"_links":{"self":[{"href":"https:\/\/www.modeimhanssonzentrum.at\/index.php?rest_route=\/wp\/v2\/pages\/672","targetHints":{"allow":["GET"]}}],"collection":[{"href":"https:\/\/www.modeimhanssonzentrum.at\/index.php?rest_route=\/wp\/v2\/pages"}],"about":[{"href":"https:\/\/www.modeimhanssonzentrum.at\/index.php?rest_route=\/wp\/v2\/types\/page"}],"author":[{"embeddable":true,"href":"https:\/\/www.modeimhanssonzentrum.at\/index.php?rest_route=\/wp\/v2\/users\/1"}],"replies":[{"embeddable":true,"href":"https:\/\/www.modeimhanssonzentrum.at\/index.php?rest_route=%2Fwp%2Fv2%2Fcomments&post=672"}],"version-history":[{"count":18,"href":"https:\/\/www.modeimhanssonzentrum.at\/index.php?rest_route=\/wp\/v2\/pages\/672\/revisions"}],"predecessor-version":[{"id":3216,"href":"https:\/\/www.modeimhanssonzentrum.at\/index.php?rest_route=\/wp\/v2\/pages\/672\/revisions\/3216"}],"up":[{"embeddable":true,"href":"https:\/\/www.modeimhanssonzentrum.at\/index.php?rest_route=\/wp\/v2\/pages\/675"}],"wp:attachment":[{"href":"https:\/\/www.modeimhanssonzentrum.at\/index.php?rest_route=%2Fwp%2Fv2%2Fmedia&parent=672"}],"curies":[{"name":"wp","href":"https:\/\/api.w.org\/{rel}","templated":true}]}}